{"id":8644,"date":"2014-05-05T21:52:54","date_gmt":"2014-05-05T20:52:54","guid":{"rendered":"http:\/\/www.itcitaliantopclass.com\/?page_id=8644"},"modified":"2022-02-11T14:52:14","modified_gmt":"2022-02-11T13:52:14","slug":"scie-a-sol-manuel","status":"publish","type":"page","link":"https:\/\/www.itcitaliantopclass.com\/fr\/produits\/batiment\/scie-a-sol-manuel\/","title":{"rendered":"Scie a sol"},"content":{"rendered":"<p>[vc_row][vc_column][vc_row_inner][vc_column_inner][vc_single_image image=&#8221;29765&#8243; img_size=&#8221;full&#8221; alignment=&#8221;center&#8221;][\/vc_column_inner][\/vc_row_inner][vc_column_text]Les scies \u00e0 sol ITC sont machines robustes, compactes et man\u0153uvrables ; con\u00e7ues pour toutes les entreprises qui s\u2019occupent de travaux routiers, entretien de voie et pose de tuyaux sous route.<br \/>\nCes sont id\u00e9ales pour la coupe de asphalte, sol routier, b\u00e9ton, b\u00e9ton arm\u00e9 et pour la cr\u00e9ation de joints de dilatation sur le surfaces.<br \/>\nL\u2019avancement du travail arrive par pouss\u00e9e. Le r\u00e9glage de la profondeur de coupe se fait par un volant. Un couvercle de protection disque prot\u00e8ge la s\u00e9curit\u00e9 de l\u2019op\u00e9rateur pendant les op\u00e9rations de coupe.<br \/>\nMachines disponibles avec moteur essence ou diesel. Poign\u00e9e r\u00e9glable. Le r\u00e9servoir d\u2019eau en plastique rend plus l\u00e9g\u00e8re la machine.<br \/>\n<strong>ACCESSOIRES FOURNIS:<\/strong> jeu de cl\u00e9s, manuel d\u2019instruction, r\u00e9servoir d\u2019eau (30 litres).<br \/>\n<strong>ACCESSOIRES OPTIONALS:<\/strong> disque diamant.<br \/>\n[\/vc_column_text][vc_row_inner][vc_column_inner][vc_single_image image=&#8221;18186&#8243; img_size=&#8221;full&#8221; alignment=&#8221;center&#8221;][\/vc_column_inner][\/vc_row_inner][\/vc_column][\/vc_row][vc_row overlay_pattern_opacity=&#8221;50&#8243; full_page_width=&#8221;&#8221; toc_id=&#8221;&#8221; bg_image_fb=&#8221;&#8221; bg_image_repeat_fb=&#8221;&#8221;][vc_column width=&#8221;1\/2&#8243;][vc_single_image image=&#8221;6410&#8243; img_size=&#8221;full&#8221;][\/vc_column][vc_column width=&#8221;1\/2&#8243;][vc_btn title=&#8221;T\u00e9l\u00e9charger la brochure&#8221; align=&#8221;right&#8221; i_icon_fontawesome=&#8221;fa fa-cloud-download&#8221; add_icon=&#8221;true&#8221; link=&#8221;url:http%3A%2F%2Fwww.itcitaliantopclass.com%2Fdownload%2Ftagliasfalto_manuale.pdf||target:%20_blank&#8221;][\/vc_column][\/vc_row][vc_row][vc_column]<h3 class=\"mpc-vc-deco-header vc_txt_align_left\"><span class=\"mpcth-color-main-border\">CONTACTEZ-NOUS<\/span><\/h3>\n<div class=\"wpcf7 no-js\" id=\"wpcf7-f12889-o1\" lang=\"it-IT\" dir=\"ltr\">\n<div class=\"screen-reader-response\"><p role=\"status\" aria-live=\"polite\" aria-atomic=\"true\"><\/p> <ul><\/ul><\/div>\n<form action=\"\/fr\/wp-json\/wp\/v2\/pages\/8644#wpcf7-f12889-o1\" method=\"post\" class=\"wpcf7-form init\" aria-label=\"Modulo di contatto\" novalidate=\"novalidate\" data-status=\"init\">\n<div style=\"display: none;\">\n<input type=\"hidden\" name=\"_wpcf7\" value=\"12889\" \/>\n<input type=\"hidden\" name=\"_wpcf7_version\" value=\"5.7.7\" \/>\n<input type=\"hidden\" name=\"_wpcf7_locale\" value=\"it_IT\" \/>\n<input type=\"hidden\" name=\"_wpcf7_unit_tag\" value=\"wpcf7-f12889-o1\" \/>\n<input type=\"hidden\" name=\"_wpcf7_container_post\" value=\"0\" \/>\n<input type=\"hidden\" name=\"_wpcf7_posted_data_hash\" value=\"\" \/>\n<input type=\"hidden\" name=\"_wpcf7_recaptcha_response\" value=\"\" \/>\n<\/div>\n<p>Soci\u00e9t\u00e9 (requis)\n<\/p>\n<p><span class=\"wpcf7-form-control-wrap\" data-name=\"Azienda\"><input size=\"40\" class=\"wpcf7-form-control wpcf7-text wpcf7-validates-as-required\" id=\"azienda\" aria-required=\"true\" aria-invalid=\"false\" value=\"\" type=\"text\" name=\"Azienda\" \/><\/span>\n<\/p>\n<p>Ville et adresse (requis)\n<\/p>\n<p><span class=\"wpcf7-form-control-wrap\" data-name=\"indirizzo\"><input size=\"40\" class=\"wpcf7-form-control wpcf7-text wpcf7-validates-as-required\" id=\"indirizzo\" aria-required=\"true\" aria-invalid=\"false\" value=\"\" type=\"text\" name=\"indirizzo\" \/><\/span>\n<\/p>\n<p>Pays (requis)\n<\/p>\n<p><span class=\"wpcf7-form-control-wrap\" data-name=\"paese\"><select class=\"wpcf7-form-control wpcf7-select wpcf7-validates-as-required\" id=\"paese\" aria-required=\"true\" aria-invalid=\"false\" name=\"paese\"><option value=\"Afganistan\">Afganistan<\/option><option value=\"Albania\">Albania<\/option><option value=\"Algeria\">Algeria<\/option><option value=\"American Samoa\">American Samoa<\/option><option value=\"Andorra\">Andorra<\/option><option value=\"Angola\">Angola<\/option><option value=\"Anguilla\">Anguilla<\/option><option value=\"Antigua &amp; Barbuda\">Antigua &amp; Barbuda<\/option><option value=\"Argentina\">Argentina<\/option><option value=\"Armenia\">Armenia<\/option><option value=\"Aruba\">Aruba<\/option><option value=\"Australia\">Australia<\/option><option value=\"Austria\">Austria<\/option><option value=\"Azerbaijan\">Azerbaijan<\/option><option value=\"Bahamas\">Bahamas<\/option><option value=\"Bahrain\">Bahrain<\/option><option value=\"Bangladesh\">Bangladesh<\/option><option value=\"Barbados\">Barbados<\/option><option value=\"Belarus\">Belarus<\/option><option value=\"Belgium\">Belgium<\/option><option value=\"Belize\">Belize<\/option><option value=\"Benin\">Benin<\/option><option value=\"Bermuda\">Bermuda<\/option><option value=\"Bhutan\">Bhutan<\/option><option value=\"Bolivia\">Bolivia<\/option><option value=\"Bonaire\">Bonaire<\/option><option value=\"Bosnia &amp; Herzegovina\">Bosnia &amp; Herzegovina<\/option><option value=\"Botswana\">Botswana<\/option><option value=\"Brazil\">Brazil<\/option><option value=\"British Indian Ocean Ter\">British Indian Ocean Ter<\/option><option value=\"Brunei\">Brunei<\/option><option value=\"Bulgaria\">Bulgaria<\/option><option value=\"Burkina Faso\">Burkina Faso<\/option><option value=\"Burundi\">Burundi<\/option><option value=\"Cambodia\">Cambodia<\/option><option value=\"Cameroon\">Cameroon<\/option><option value=\"Canada\">Canada<\/option><option value=\"Canary Islands\">Canary Islands<\/option><option value=\"Cape Verde\">Cape Verde<\/option><option value=\"Cayman Islands\">Cayman Islands<\/option><option value=\"Central African Republic\">Central African Republic<\/option><option value=\"Chad\">Chad<\/option><option value=\"Channel Islands\">Channel Islands<\/option><option value=\"Chile\">Chile<\/option><option value=\"China\">China<\/option><option value=\"Christmas Island\">Christmas Island<\/option><option value=\"Cocos Island\">Cocos Island<\/option><option value=\"Colombia\">Colombia<\/option><option value=\"Comoros\">Comoros<\/option><option value=\"Congo\">Congo<\/option><option value=\"Cook Islands\">Cook Islands<\/option><option value=\"Costa Rica\">Costa Rica<\/option><option value=\"Cote DIvoire\">Cote DIvoire<\/option><option value=\"Croatia\">Croatia<\/option><option value=\"Cuba\">Cuba<\/option><option value=\"Curaco\">Curaco<\/option><option value=\"Cyprus\">Cyprus<\/option><option value=\"Czech Republic\">Czech Republic<\/option><option value=\"Denmark\">Denmark<\/option><option value=\"Djibouti\">Djibouti<\/option><option value=\"Dominica\">Dominica<\/option><option value=\"Dominican Republic\">Dominican Republic<\/option><option value=\"East Timor\">East Timor<\/option><option value=\"Ecuador\">Ecuador<\/option><option value=\"Egypt\">Egypt<\/option><option value=\"El Salvador\">El Salvador<\/option><option value=\"Equatorial Guinea\">Equatorial Guinea<\/option><option value=\"Eritrea\">Eritrea<\/option><option value=\"Estonia\">Estonia<\/option><option value=\"Ethiopia\">Ethiopia<\/option><option value=\"Falkland Islands\">Falkland Islands<\/option><option value=\"Faroe Islands\">Faroe Islands<\/option><option value=\"Fiji\">Fiji<\/option><option value=\"Finland\">Finland<\/option><option value=\"France\">France<\/option><option value=\"French Guiana\">French Guiana<\/option><option value=\"French Polynesia\">French Polynesia<\/option><option value=\"French Southern Ter\">French Southern Ter<\/option><option value=\"Gabon\">Gabon<\/option><option value=\"Gambia\">Gambia<\/option><option value=\"Georgia\">Georgia<\/option><option value=\"Germany\">Germany<\/option><option value=\"Ghana\">Ghana<\/option><option value=\"Gibraltar\">Gibraltar<\/option><option value=\"Great Britain\">Great Britain<\/option><option value=\"Greece\">Greece<\/option><option value=\"Greenland\">Greenland<\/option><option value=\"Grenada\">Grenada<\/option><option value=\"Guadeloupe\">Guadeloupe<\/option><option value=\"Guam\">Guam<\/option><option value=\"Guatemala\">Guatemala<\/option><option value=\"Guinea\">Guinea<\/option><option value=\"Guyana\">Guyana<\/option><option value=\"Haiti\">Haiti<\/option><option value=\"Hawaii\">Hawaii<\/option><option value=\"Honduras\">Honduras<\/option><option value=\"Hong Kong\">Hong Kong<\/option><option value=\"Hungary\">Hungary<\/option><option value=\"Iceland\">Iceland<\/option><option value=\"India\">India<\/option><option value=\"Indonesia\">Indonesia<\/option><option value=\"Iran\">Iran<\/option><option value=\"Iraq\">Iraq<\/option><option value=\"Ireland\">Ireland<\/option><option value=\"Isle of Man\">Isle of Man<\/option><option value=\"Israel\">Israel<\/option><option value=\"Italy\">Italy<\/option><option value=\"Jamaica\">Jamaica<\/option><option value=\"Japan\">Japan<\/option><option value=\"Jordan\">Jordan<\/option><option value=\"Kazakhstan\">Kazakhstan<\/option><option value=\"Kenya\">Kenya<\/option><option value=\"Kiribati\">Kiribati<\/option><option value=\"Korea North\">Korea North<\/option><option value=\"Korea Sout\">Korea Sout<\/option><option value=\"Kuwait\">Kuwait<\/option><option value=\"Kyrgyzstan\">Kyrgyzstan<\/option><option value=\"Laos\">Laos<\/option><option value=\"Latvia\">Latvia<\/option><option value=\"Lebanon\">Lebanon<\/option><option value=\"Lesotho\">Lesotho<\/option><option value=\"Liberia\">Liberia<\/option><option value=\"Libya\">Libya<\/option><option value=\"Liechtenstein\">Liechtenstein<\/option><option value=\"Lithuania\">Lithuania<\/option><option value=\"Luxembourg\">Luxembourg<\/option><option value=\"Macau\">Macau<\/option><option value=\"Macedonia\">Macedonia<\/option><option value=\"Madagascar\">Madagascar<\/option><option value=\"Malaysia\">Malaysia<\/option><option value=\"Malawi\">Malawi<\/option><option value=\"Maldives\">Maldives<\/option><option value=\"Mali\">Mali<\/option><option value=\"Malta\">Malta<\/option><option value=\"Marshall Islands\">Marshall Islands<\/option><option value=\"Martinique\">Martinique<\/option><option value=\"Mauritania\">Mauritania<\/option><option value=\"Mauritius\">Mauritius<\/option><option value=\"Mayotte\">Mayotte<\/option><option value=\"Mexico\">Mexico<\/option><option value=\"Midway Islands\">Midway Islands<\/option><option value=\"Moldova\">Moldova<\/option><option value=\"Monaco\">Monaco<\/option><option value=\"Mongolia\">Mongolia<\/option><option value=\"Montserrat\">Montserrat<\/option><option value=\"Morocco\">Morocco<\/option><option value=\"Mozambique\">Mozambique<\/option><option value=\"Myanmar\">Myanmar<\/option><option value=\"Nambia\">Nambia<\/option><option value=\"Nauru\">Nauru<\/option><option value=\"Nepal\">Nepal<\/option><option value=\"Netherland Antilles\">Netherland Antilles<\/option><option value=\"Netherlands\">Netherlands<\/option><option value=\"Nevis\">Nevis<\/option><option value=\"New Caledonia\">New Caledonia<\/option><option value=\"New Zealand\">New Zealand<\/option><option value=\"Nicaragua\">Nicaragua<\/option><option value=\"Niger\">Niger<\/option><option value=\"Nigeria\">Nigeria<\/option><option value=\"Niue\">Niue<\/option><option value=\"Norfolk Island\">Norfolk Island<\/option><option value=\"Norway\">Norway<\/option><option value=\"Oman\">Oman<\/option><option value=\"Pakistan\">Pakistan<\/option><option value=\"Palau Island\">Palau Island<\/option><option value=\"Palestine\">Palestine<\/option><option value=\"Panama\">Panama<\/option><option value=\"Papua New Guinea\">Papua New Guinea<\/option><option value=\"Paraguay\">Paraguay<\/option><option value=\"Peru\">Peru<\/option><option value=\"Phillipines\">Phillipines<\/option><option value=\"Pitcairn Island\">Pitcairn Island<\/option><option value=\"Poland\">Poland<\/option><option value=\"Portugal\">Portugal<\/option><option value=\"Puerto Rico\">Puerto Rico<\/option><option value=\"Qatar\">Qatar<\/option><option value=\"Republic of Montenegro\">Republic of Montenegro<\/option><option value=\"Republic of Serbia\">Republic of Serbia<\/option><option value=\"Reunion\">Reunion<\/option><option value=\"Romania\">Romania<\/option><option value=\"Russia\">Russia<\/option><option value=\"Rwanda\">Rwanda<\/option><option value=\"St Barthelemy\">St Barthelemy<\/option><option value=\"St Eustatius\">St Eustatius<\/option><option value=\"St Helena\">St Helena<\/option><option value=\"St Kitts-Nevis\">St Kitts-Nevis<\/option><option value=\"St Lucia\">St Lucia<\/option><option value=\"St Maarten\">St Maarten<\/option><option value=\"St Pierre &amp; Miquelon\">St Pierre &amp; Miquelon<\/option><option value=\"St Vincent &amp; Grenadines\">St Vincent &amp; Grenadines<\/option><option value=\"Saipan\">Saipan<\/option><option value=\"Samoa\">Samoa<\/option><option value=\"Samoa American\">Samoa American<\/option><option value=\"San Marino\">San Marino<\/option><option value=\"Sao Tome &amp; Principe\">Sao Tome &amp; Principe<\/option><option value=\"Saudi Arabia\">Saudi Arabia<\/option><option value=\"Senegal\">Senegal<\/option><option value=\"Serbia\">Serbia<\/option><option value=\"Seychelles\">Seychelles<\/option><option value=\"Sierra Leone\">Sierra Leone<\/option><option value=\"Singapore\">Singapore<\/option><option value=\"Slovakia\">Slovakia<\/option><option value=\"Slovenia\">Slovenia<\/option><option value=\"Solomon Islands\">Solomon Islands<\/option><option value=\"Somalia\">Somalia<\/option><option value=\"South Africa\">South Africa<\/option><option value=\"Spain\">Spain<\/option><option value=\"Sri Lanka\">Sri Lanka<\/option><option value=\"Sudan\">Sudan<\/option><option value=\"Suriname\">Suriname<\/option><option value=\"Swaziland\">Swaziland<\/option><option value=\"Sweden\">Sweden<\/option><option value=\"Switzerland\">Switzerland<\/option><option value=\"Syria\">Syria<\/option><option value=\"Tahiti\">Tahiti<\/option><option value=\"Taiwan\">Taiwan<\/option><option value=\"Tajikistan\">Tajikistan<\/option><option value=\"Tanzania\">Tanzania<\/option><option value=\"Thailand\">Thailand<\/option><option value=\"Togo\">Togo<\/option><option value=\"Tokelau\">Tokelau<\/option><option value=\"Tonga\">Tonga<\/option><option value=\"Trinidad &amp; Tobago\">Trinidad &amp; Tobago<\/option><option value=\"Tunisia\">Tunisia<\/option><option value=\"Turkey\">Turkey<\/option><option value=\"Turkmenistan\">Turkmenistan<\/option><option value=\"Turks &amp; Caicos Is\">Turks &amp; Caicos Is<\/option><option value=\"Tuvalu\">Tuvalu<\/option><option value=\"Uganda\">Uganda<\/option><option value=\"Ukraine\">Ukraine<\/option><option value=\"United Arab Erimates\">United Arab Erimates<\/option><option value=\"United Kingdom\">United Kingdom<\/option><option value=\"USA\">USA<\/option><option value=\"Uraguay\">Uraguay<\/option><option value=\"Uzbekistan\">Uzbekistan<\/option><option value=\"Vanuatu\">Vanuatu<\/option><option value=\"Vatican City State\">Vatican City State<\/option><option value=\"Venezuela\">Venezuela<\/option><option value=\"Vietnam\">Vietnam<\/option><option value=\"Virgin Islands (Brit)\">Virgin Islands (Brit)<\/option><option value=\"Virgin Islands (USA)\">Virgin Islands (USA)<\/option><option value=\"Wake Island\">Wake Island<\/option><option value=\"Wallis &amp; Futana Is\">Wallis &amp; Futana Is<\/option><option value=\"Yemen\">Yemen<\/option><option value=\"Zaire\">Zaire<\/option><option value=\"Zambia\">Zambia<\/option><option value=\"Zimbabwe\">Zimbabwe<\/option><\/select><\/span>\n<\/p>\n<p>Nom et Pr\u00e9nom (requis)\n<\/p>\n<p><span class=\"wpcf7-form-control-wrap\" data-name=\"your-name\"><input size=\"40\" class=\"wpcf7-form-control wpcf7-text wpcf7-validates-as-required\" aria-required=\"true\" aria-invalid=\"false\" value=\"\" type=\"text\" name=\"your-name\" \/><\/span>\n<\/p>\n<p>e-mail (requis)\n<\/p>\n<p><span class=\"wpcf7-form-control-wrap\" data-name=\"your-email\"><input size=\"40\" class=\"wpcf7-form-control wpcf7-text wpcf7-email wpcf7-validates-as-required wpcf7-validates-as-email\" aria-required=\"true\" aria-invalid=\"false\" value=\"\" type=\"email\" name=\"your-email\" \/><\/span>\n<\/p>\n<p>t\u00e9l\u00e9phone (requis)\n<\/p>\n<p><span class=\"wpcf7-form-control-wrap\" data-name=\"telefono\"><input size=\"40\" class=\"wpcf7-form-control wpcf7-text wpcf7-validates-as-required\" id=\"telefono\" aria-required=\"true\" aria-invalid=\"false\" value=\"\" type=\"text\" name=\"telefono\" \/><\/span>\n<\/p>\n<p>Objet\n<\/p>\n<p><span class=\"wpcf7-form-control-wrap\" data-name=\"your-subject\"><input size=\"40\" class=\"wpcf7-form-control wpcf7-text\" aria-invalid=\"false\" value=\"\" type=\"text\" name=\"your-subject\" \/><\/span>\n<\/p>\n<p>Votre message\n<\/p>\n<p><span class=\"wpcf7-form-control-wrap\" data-name=\"your-message\"><textarea cols=\"40\" rows=\"10\" class=\"wpcf7-form-control wpcf7-textarea\" aria-invalid=\"false\" name=\"your-message\"><\/textarea><\/span>\n<\/p>\n<p><span class=\"wpcf7-form-control-wrap\" data-name=\"acceptance-245\"><span class=\"wpcf7-form-control wpcf7-acceptance\"><span class=\"wpcf7-list-item\"><input type=\"checkbox\" name=\"acceptance-245\" value=\"1\" id=\"acconsento\" aria-invalid=\"false\" \/><\/span><\/span><\/span> e consens au traitement des donn\u00e9es en fonction de la vie: <a href=\"https:\/\/www.itcitaliantopclass.com\/fr\/privacy-policy\/\">priv\u00e9e politique de confidentialit\u00e9<\/a>\n<\/p>\n<p><span class=\"wpcf7-form-control-wrap\" data-name=\"acceptance-marketing\"><span class=\"wpcf7-form-control wpcf7-acceptance\"><span class=\"wpcf7-list-item\"><input type=\"checkbox\" name=\"acceptance-marketing\" value=\"1\" aria-invalid=\"false\" \/><\/span><\/span><\/span> Je consens au traitement de mes donn\u00e9es personnelles pour l'envoi d'informations commerciales et \/ ou techniques \u00e0 la demande de l'int\u00e9ress\u00e9\n<\/p>\n\n<p><input class=\"wpcf7-form-control has-spinner wpcf7-submit\" type=\"submit\" value=\"Envoyer\" \/>\n<\/p><div class=\"wpcf7-response-output\" aria-hidden=\"true\"><\/div>\n<\/form>\n<\/div>\n[\/vc_column][\/vc_row]<\/p>\n","protected":false},"excerpt":{"rendered":"<p>[vc_row][vc_column][vc_row_inner][vc_column_inner][vc_single_image image=&#8221;29765&#8243; img_size=&#8221;full&#8221; alignment=&#8221;center&#8221;][\/vc_column_inner][\/vc_row_inner][vc_column_text]Les scies \u00e0 sol ITC sont machines robustes, compactes et man\u0153uvrables ; con\u00e7ues pour toutes les entreprises qui s\u2019occupent de travaux routiers, entretien de voie et pose de tuyaux sous route. Ces sont id\u00e9ales pour la coupe de asphalte, sol routier, b\u00e9ton, b\u00e9ton arm\u00e9 et pour la&#8230;<\/p>\n","protected":false},"author":2,"featured_media":0,"parent":7051,"menu_order":0,"comment_status":"closed","ping_status":"closed","template":"","meta":{"footnotes":""},"class_list":["post-8644","page","type-page","status-publish","hentry"],"acf":[],"_links":{"self":[{"href":"https:\/\/www.itcitaliantopclass.com\/fr\/wp-json\/wp\/v2\/pages\/8644","targetHints":{"allow":["GET"]}}],"collection":[{"href":"https:\/\/www.itcitaliantopclass.com\/fr\/wp-json\/wp\/v2\/pages"}],"about":[{"href":"https:\/\/www.itcitaliantopclass.com\/fr\/wp-json\/wp\/v2\/types\/page"}],"author":[{"embeddable":true,"href":"https:\/\/www.itcitaliantopclass.com\/fr\/wp-json\/wp\/v2\/users\/2"}],"replies":[{"embeddable":true,"href":"https:\/\/www.itcitaliantopclass.com\/fr\/wp-json\/wp\/v2\/comments?post=8644"}],"version-history":[{"count":15,"href":"https:\/\/www.itcitaliantopclass.com\/fr\/wp-json\/wp\/v2\/pages\/8644\/revisions"}],"predecessor-version":[{"id":29771,"href":"https:\/\/www.itcitaliantopclass.com\/fr\/wp-json\/wp\/v2\/pages\/8644\/revisions\/29771"}],"up":[{"embeddable":true,"href":"https:\/\/www.itcitaliantopclass.com\/fr\/wp-json\/wp\/v2\/pages\/7051"}],"wp:attachment":[{"href":"https:\/\/www.itcitaliantopclass.com\/fr\/wp-json\/wp\/v2\/media?parent=8644"}],"curies":[{"name":"wp","href":"https:\/\/api.w.org\/{rel}","templated":true}]}}